{"id":39,"date":"2016-08-11T06:24:14","date_gmt":"2016-08-11T08:24:14","guid":{"rendered":"http:\/\/sepeciai.lt\/?page_id=39"},"modified":"2016-08-11T06:24:14","modified_gmt":"2016-08-11T08:24:14","slug":"imonems","status":"publish","type":"page","link":"https:\/\/sepeciai.lt\/ru\/imonems\/","title":{"rendered":"(Lietuvi\u0173) \u012eMON\u0116MS"},"content":{"rendered":"<p class=\"qtranxs-available-languages-message qtranxs-available-languages-message-ru\">\u0418\u0437\u0432\u0438\u043d\u0438\u0442\u0435, \u044d\u0442\u043e\u0442 \u0442\u0435\u043a\u0441\u0442 \u0434\u043e\u0441\u0442\u0443\u043f\u0435\u043d \u0442\u043e\u043b\u044c\u043a\u043e \u043d\u0430 &ldquo;<a href=\"https:\/\/sepeciai.lt\/lt\/wp-json\/wp\/v2\/pages\/39\" class=\"qtranxs-available-language-link qtranxs-available-language-link-lt\" title=\"Lietuvi\u0173\">\u041b\u0438\u0442\u043e\u0432\u0441\u043a\u0438\u0439<\/a>&rdquo;.<\/p>","protected":false},"excerpt":{"rendered":"<p>\u0418\u0437\u0432\u0438\u043d\u0438\u0442\u0435, \u044d\u0442\u043e\u0442 \u0442\u0435\u043a\u0441\u0442 \u0434\u043e\u0441\u0442\u0443\u043f\u0435\u043d \u0442\u043e\u043b\u044c\u043a\u043e \u043d\u0430 &ldquo;\u041b\u0438\u0442\u043e\u0432\u0441\u043a\u0438\u0439&rdquo;.<\/p>\n","protected":false},"author":1,"featured_media":0,"parent":0,"menu_order":0,"comment_status":"closed","ping_status":"closed","template":"","meta":[],"_links":{"self":[{"href":"https:\/\/sepeciai.lt\/ru\/wp-json\/wp\/v2\/pages\/39"}],"collection":[{"href":"https:\/\/sepeciai.lt\/ru\/wp-json\/wp\/v2\/pages"}],"about":[{"href":"https:\/\/sepeciai.lt\/ru\/wp-json\/wp\/v2\/types\/page"}],"author":[{"embeddable":true,"href":"https:\/\/sepeciai.lt\/ru\/wp-json\/wp\/v2\/users\/1"}],"replies":[{"embeddable":true,"href":"https:\/\/sepeciai.lt\/ru\/wp-json\/wp\/v2\/comments?post=39"}],"version-history":[{"count":1,"href":"https:\/\/sepeciai.lt\/ru\/wp-json\/wp\/v2\/pages\/39\/revisions"}],"predecessor-version":[{"id":43,"href":"https:\/\/sepeciai.lt\/ru\/wp-json\/wp\/v2\/pages\/39\/revisions\/43"}],"wp:attachment":[{"href":"https:\/\/sepeciai.lt\/ru\/wp-json\/wp\/v2\/media?parent=39"}],"curies":[{"name":"wp","href":"https:\/\/api.w.org\/{rel}","templated":true}]}}